{"id":76,"date":"2021-03-23T20:52:28","date_gmt":"2021-03-24T00:52:28","guid":{"rendered":"https:\/\/greenleafmp.ca\/?page_id=76"},"modified":"2021-03-25T15:58:26","modified_gmt":"2021-03-25T19:58:26","slug":"accueil","status":"publish","type":"page","link":"https:\/\/greenleafmp.ca\/fr\/","title":{"rendered":"Accueil"},"content":{"rendered":"<div class=\"wpb-content-wrapper\"><p>[vc_row full_height=\u00a0\u00bbyes\u00a0\u00bb parallax=\u00a0\u00bbcontent-moving\u00a0\u00bb parallax_image=\u00a0\u00bb19&Prime; type=\u00a0\u00bbfull_width\u00a0\u00bb el_class=\u00a0\u00bbhome-section-1&Prime;][vc_column width=\u00a0\u00bb1\/3&Prime;][vc_single_image image=\u00a0\u00bb58&Prime; img_size=\u00a0\u00bbfull\u00a0\u00bb][\/vc_column][vc_column width=\u00a0\u00bb2\/3&Prime;][vc_column_text]<\/p>\n<h1>Soins de sant\u00e9 naturels et cannabis m\u00e9dical<\/h1>\n<p>[\/vc_column_text][\/vc_column][\/vc_row][vc_row parallax=\u00a0\u00bbcontent-moving\u00a0\u00bb parallax_image=\u00a0\u00bb25&Prime; type=\u00a0\u00bbfull_width\u00a0\u00bb el_class=\u00a0\u00bbhome-section-2&Prime; css=\u00a0\u00bb.vc_custom_1616382173661{background-image: url(http:\/\/greenleafmp.ca\/wp-content\/uploads\/2021\/03\/science-bg.png?id=25) !important;}\u00a0\u00bb][vc_column][vc_row_inner equal_height=\u00a0\u00bbyes\u00a0\u00bb type=\u00a0\u00bbin_grid\u00a0\u00bb][vc_column_inner width=\u00a0\u00bb1\/2&Prime;][vc_column_text]<\/p>\n<h2>Se concentrer sur les besoins des patients<\/h2>\n<p>Green Leaf Medical Products Ltd. a l\u2019intention de fabriquer, de purifier et de distribuer des produits de cannabis m\u00e9dicaux et r\u00e9cr\u00e9atifs \u00e0 des clients partout au Canada et dans le monde. Notre organisation verticalement int\u00e9gr\u00e9e contr\u00f4lera le produit et le processus \u00e0 chaque \u00e9tape du processus, de la \u00ab semence \u00e0 la vente \u00bb,<strong> en utilisant nos propres souches g\u00e9n\u00e9tiques pour produire nos produits m\u00e9dicaux et r\u00e9cr\u00e9atifs<\/strong>.[\/vc_column_text][\/vc_column_inner][vc_column_inner width=\u00a0\u00bb1\/2&Prime;][\/vc_column_inner][\/vc_row_inner][\/vc_column][\/vc_row][vc_row equal_height=\u00a0\u00bbyes\u00a0\u00bb type=\u00a0\u00bbfull_width\u00a0\u00bb css=\u00a0\u00bb.vc_custom_1615652849067{background-color: #34612c !important;}\u00a0\u00bb el_class=\u00a0\u00bbhome-section-3&Prime;][vc_column width=\u00a0\u00bb7\/12&Prime; css=\u00a0\u00bb.vc_custom_1615648986557{background-image: url(http:\/\/greenleafmp.ca\/wp-content\/uploads\/2021\/03\/side-img-1.png?id=11) !important;}\u00a0\u00bb][\/vc_column][vc_column width=\u00a0\u00bb5\/12&Prime;][vc_column_text]Lorsque nous serons licenci\u00e9s, en tant que cultivateur int\u00e9rieur, la Soci\u00e9t\u00e9 produira du cannabis constant, m\u00e9dicinal et r\u00e9cr\u00e9atif, en utilisant des technologies de pointe, des m\u00e9thodes \u00e9conerg\u00e9tiques, la mise en \u0153uvre des normes de qualit\u00e9 les plus \u00e9lev\u00e9es, pour r\u00e9pondre aux besoins des patients et des clients, tout en offrant de nouvelles possibilit\u00e9s et la stabilit\u00e9 pour le d\u00e9veloppement \u00e9conomique dans notre communaut\u00e9 nordique.[\/vc_column_text][\/vc_column][\/vc_row][vc_row parallax=\u00a0\u00bbcontent-moving\u00a0\u00bb parallax_image=\u00a0\u00bb12&Prime; type=\u00a0\u00bbfull_width\u00a0\u00bb el_class=\u00a0\u00bbhome-section-4&Prime;][vc_column][vc_column_text]<\/p>\n<h2>Notre leitmotiv<\/h2>\n<p>\u00c9tablir de solides relations avec les principaux producteurs autoris\u00e9s, les soci\u00e9t\u00e9s pharmaceutiques et les organismes gouvernementaux afin que la Soci\u00e9t\u00e9 soit consid\u00e9r\u00e9e comme un partenaire de premier plan de l\u2019industrie.<\/p>\n<p>Travailler en \u00e9troite collaboration avec chaque client et patient pour recommander et aider au choix de produits de cannabis sp\u00e9cifiques pour mieux r\u00e9pondre \u00e0 leurs besoins.[\/vc_column_text][\/vc_column][\/vc_row][vc_row equal_height=\u00a0\u00bbyes\u00a0\u00bb type=\u00a0\u00bbfull_width\u00a0\u00bb css=\u00a0\u00bb.vc_custom_1615652888814{background-color: #34612c !important;}\u00a0\u00bb el_class=\u00a0\u00bbhome-section-5&Prime;][vc_column width=\u00a0\u00bb5\/12&Prime;][vc_column_text]<\/p>\n<h4>Notre vision est de faire une diff\u00e9rence dans la vie des gens, en offrant des produits naturels d\u00e9riv\u00e9s du cannabis.<\/h4>\n<p>Nous d\u00e9veloppons des produits qui ont une formulation pr\u00e9cise de cannabino\u00efdes et de terp\u00e8nes naturels con\u00e7us afin d\u2019offrir les produits les plus novateurs possible aux consommateurs et aux patients.[\/vc_column_text][\/vc_column][vc_column width=\u00a0\u00bb7\/12&Prime; css=\u00a0\u00bb.vc_custom_1615649141341{background-image: url(http:\/\/greenleafmp.ca\/wp-content\/uploads\/2021\/03\/side-img-2.png?id=13) !important;}\u00a0\u00bb][\/vc_column][\/vc_row][vc_row equal_height=\u00a0\u00bbyes\u00a0\u00bb content_placement=\u00a0\u00bbmiddle\u00a0\u00bb type=\u00a0\u00bbfull_width\u00a0\u00bb el_class=\u00a0\u00bbhome-section-6&Prime;][vc_column width=\u00a0\u00bb7\/12&Prime; css=\u00a0\u00bb.vc_custom_1615649210807{background-image: url(http:\/\/greenleafmp.ca\/wp-content\/uploads\/2021\/03\/side-img-3.png?id=14) !important;}\u00a0\u00bb][\/vc_column][vc_column width=\u00a0\u00bb5\/12&Prime;][vc_column_text]Notre \u00e9quipe croit sinc\u00e8rement aux avantages pour la sant\u00e9 des produits du cannabis \u00e0 des fins m\u00e9dicales et entend s\u2019efforcer de r\u00e9aliser des perc\u00e9es m\u00e9dicales avec l\u2019utilisation de produits extraits du cannabis.[\/vc_column_text][\/vc_column][\/vc_row][vc_row full_height=\u00a0\u00bbyes\u00a0\u00bb type=\u00a0\u00bbfull_width\u00a0\u00bb el_class=\u00a0\u00bbhome-section-7&Prime;][vc_column][vc_row_inner equal_height=\u00a0\u00bbyes\u00a0\u00bb type=\u00a0\u00bbin_grid\u00a0\u00bb][vc_column_inner width=\u00a0\u00bb1\/2&Prime;][vc_column_text]<\/p>\n<h2>Nos leaders<\/h2>\n<p>Pour assurer le succ\u00e8s de la Soci\u00e9t\u00e9 dans l\u2019atteindre ses objectifs en tant que producteur de cannabis de haute qualit\u00e9 et chef de file de l\u2019industrie, la Soci\u00e9t\u00e9 compte sur des membres cl\u00e9s exp\u00e9riment\u00e9s de l\u2019\u00e9quipe et des experts de renomm\u00e9e mondiale. [\/vc_column_text][\/vc_column_inner][vc_column_inner width=\u00a0\u00bb1\/2&Prime;][vc_column_text]\n\t        <div class=\"team_member\">\n\t        \t<img decoding=\"async\" src=\"https:\/\/greenleafmp.ca\/wp-content\/uploads\/2021\/03\/louis-filion.png\">\n\t        \t<strong>Louis Filion, BCOM, LL.B<\/strong>\n\t        \t<span>PDG<\/span>\n\t        <\/div>\n\n\t    \n\t        <div class=\"team_member\">\n\t        \t<img decoding=\"async\" src=\"https:\/\/greenleafmp.ca\/wp-content\/uploads\/2021\/03\/marcel-rheault-final.png\">\n\t        \t<strong>Marcel Rheault<\/strong>\n\t        \t<span>Ma\u00eetre cultivateur<\/span>\n\t        <\/div>\n\n\t    \n\t        <div class=\"team_member\">\n\t        \t<img decoding=\"async\" src=\"https:\/\/greenleafmp.ca\/wp-content\/uploads\/2021\/03\/tharshani.png\">\n\t        \t<strong>Tharshani Nishanthan, HONS BSC, PHD<\/strong>\n\t        \t<span>Assurance qualit\u00e9<\/span>\n\t        <\/div>\n\n\t    \n\t        <div class=\"team_member\">\n\t        \t<img decoding=\"async\" src=\"https:\/\/greenleafmp.ca\/wp-content\/uploads\/2021\/03\/michael-fournier-final.png\">\n\t        \t<strong>Michael Fournier<\/strong>\n\t        \t<span>Directeur g\u00e9n\u00e9ral, Construction\/Design<\/span>\n\t        <\/div>\n\n\t    \n\t        <div class=\"team_member\">\n\t        \t<img decoding=\"async\" src=\"https:\/\/greenleafmp.ca\/wp-content\/uploads\/2021\/03\/gaetan-baillargeon.png\">\n\t        \t<strong>Gaetan Baillargeon<\/strong>\n\t        \t<span> Agent de liaison avec les Premi\u00e8res Nations<\/span>\n\t        <\/div>\n\n\t    [\/vc_column_text][\/vc_column_inner][\/vc_row_inner][vc_raw_html]JTNDaGVhZGVyJTIwaWQlM0QlMjJoZWFkZXJMaW5lcyUyMiUyMHN0eWxlJTNEJTIyaGVpZ2h0JTNBJTIwMTEwM3B4JTNCJTIyJTNFJTBBJTIwJTIwJTNDY2FudmFzJTIwaWQlM0QlMjJjYW52YXNMaW5lcyUyMiUyMHdpZHRoJTNEJTIyMTAzOCUyMiUyMGhlaWdodCUzRCUyMjExMDMlMjIlM0UlMjAlM0MlMkZjYW52YXMlM0UlMjAlMjAlMjAlMjAlMEElM0MlMkZoZWFkZXIlM0U=[\/vc_raw_html][\/vc_column][\/vc_row][vc_row type=\u00a0\u00bbfull_width\u00a0\u00bb css=\u00a0\u00bb.vc_custom_1615661694324{background-image: url(http:\/\/greenleafmp.ca\/wp-content\/uploads\/2021\/03\/footer.jpg?id=37) !important;}\u00a0\u00bb el_class=\u00a0\u00bbhome-section-8&Prime;][vc_column][vc_row_inner type=\u00a0\u00bbin_grid\u00a0\u00bb][vc_column_inner][vc_column_text]<\/p>\n<h5>Restez au courant de toutes nos derni\u00e8res nouvelles.<\/h5>\n<p>Inscrivez-vous pour recevoir notre infolettre.[\/vc_column_text]\n<div class=\"wpcf7 no-js\" id=\"wpcf7-f34-o1\" lang=\"en-CA\" dir=\"ltr\">\n<div class=\"screen-reader-response\"><p role=\"status\" aria-live=\"polite\" aria-atomic=\"true\"><\/p> <ul><\/ul><\/div>\n<form action=\"\/fr\/wp-json\/wp\/v2\/pages\/76#wpcf7-f34-o1\" method=\"post\" class=\"wpcf7-form init\" aria-label=\"Contact form\" novalidate=\"novalidate\" data-status=\"init\">\n<div style=\"display: none;\">\n<input type=\"hidden\" name=\"_wpcf7\" value=\"34\" \/>\n<input type=\"hidden\" name=\"_wpcf7_version\" value=\"5.9.8\" \/>\n<input type=\"hidden\" name=\"_wpcf7_locale\" value=\"en_CA\" \/>\n<input type=\"hidden\" name=\"_wpcf7_unit_tag\" value=\"wpcf7-f34-o1\" \/>\n<input type=\"hidden\" name=\"_wpcf7_container_post\" value=\"0\" \/>\n<input type=\"hidden\" name=\"_wpcf7_posted_data_hash\" value=\"\" \/>\n<\/div>\n<p><span class=\"wpcf7-form-control-wrap\" data-name=\"your-name\"><input size=\"40\" maxlength=\"400\" class=\"wpcf7-form-control wpcf7-text wpcf7-validates-as-required\" aria-required=\"true\" aria-invalid=\"false\" placeholder=\"Your name\" value=\"\" type=\"text\" name=\"your-name\" \/><\/span><br \/>\n<span class=\"wpcf7-form-control-wrap\" data-name=\"your-email\"><input size=\"40\" maxlength=\"400\" class=\"wpcf7-form-control wpcf7-email wpcf7-validates-as-required wpcf7-text wpcf7-validates-as-email\" aria-required=\"true\" aria-invalid=\"false\" placeholder=\"Your email\" value=\"\" type=\"email\" name=\"your-email\" \/><\/span><br \/>\n<button type=\"submit\" class=\"wpcf7-form-control wpcf7-submit\"><i class=\"fas fa-chevron-right\"><\/i><\/button><br \/>\n<span class=\"ajax-loader\"><\/span>\n<\/p><input type=\"hidden\" id=\"ct_checkjs_cf7_934815ad542a4a7c5e8a2dfa04fea9f5\" name=\"ct_checkjs_cf7\" value=\"0\" \/><script >setTimeout(function(){var ct_input_name = \"ct_checkjs_cf7_934815ad542a4a7c5e8a2dfa04fea9f5\";if (document.getElementById(ct_input_name) !== null) {var ct_input_value = document.getElementById(ct_input_name).value;document.getElementById(ct_input_name).value = document.getElementById(ct_input_name).value.replace(ct_input_value, '1496043901');}}, 1000);<\/script><input\n                    class=\"apbct_special_field apbct_email_id__wp_contact_form_7\"\n                    name=\"apbct__email_id__wp_contact_form_7\"\n                    aria-label=\"apbct__label_id__wp_contact_form_7\"\n                    type=\"text\" size=\"30\" maxlength=\"200\" autocomplete=\"off\"\n                    value=\"\"\n                \/><div class=\"wpcf7-response-output\" aria-hidden=\"true\"><\/div>\n<\/form>\n<\/div>\n[\/vc_column_inner][\/vc_row_inner][\/vc_column][\/vc_row]<\/p>\n<\/div>","protected":false},"excerpt":{"rendered":"<p>[vc_row full_height=\u00a0\u00bbyes\u00a0\u00bb parallax=\u00a0\u00bbcontent-moving\u00a0\u00bb parallax_image=\u00a0\u00bb19&Prime; type=\u00a0\u00bbfull_width\u00a0\u00bb el_class=\u00a0\u00bbhome-section-1&Prime;][vc_column width=\u00a0\u00bb1\/3&Prime;][vc_single_image image=\u00a0\u00bb58&Prime; img_size=\u00a0\u00bbfull\u00a0\u00bb][\/vc_column][vc_column width=\u00a0\u00bb2\/3&Prime;][vc_column_text] Soins de sant\u00e9 naturels et cannabis m\u00e9dical [\/vc_column_text][\/vc_column][\/vc_row][vc_row parallax=\u00a0\u00bbcontent-moving\u00a0\u00bb parallax_image=\u00a0\u00bb25&Prime; type=\u00a0\u00bbfull_width\u00a0\u00bb el_class=\u00a0\u00bbhome-section-2&Prime; css=\u00a0\u00bb.vc_custom_1616382173661{background-image: url(http:\/\/greenleafmp.ca\/wp-content\/uploads\/2021\/03\/science-bg.png?id=25) !important;}\u00a0\u00bb][vc_column][vc_row_inner equal_height=\u00a0\u00bbyes\u00a0\u00bb type=\u00a0\u00bbin_grid\u00a0\u00bb][vc_column_inner width=\u00a0\u00bb1\/2&Prime;][vc_column_text] Se concentrer sur les besoins des patients Green Leaf Medical Products Ltd. a l\u2019intention de fabriquer, de purifier et de distribuer des produits de cannabis m\u00e9dicaux et [&hellip;]<\/p>\n","protected":false},"author":1,"featured_media":0,"parent":0,"menu_order":0,"comment_status":"closed","ping_status":"closed","template":"","meta":{"_acf_changed":false,"footnotes":""},"class_list":["post-76","page","type-page","status-publish","hentry"],"acf":[],"yoast_head":"<!-- This site is optimized with the Yoast SEO plugin v23.7 - https:\/\/yoast.com\/wordpress\/plugins\/seo\/ -->\n<title>Green Leaf Medical Products<\/title>\n<meta name=\"robots\" content=\"index, follow, max-snippet:-1, max-image-preview:large, max-video-preview:-1\" \/>\n<link rel=\"canonical\" href=\"https:\/\/greenleafmp.ca\/\" \/>\n<meta property=\"og:locale\" content=\"fr_FR\" \/>\n<meta property=\"og:type\" content=\"article\" \/>\n<meta property=\"og:title\" content=\"Green Leaf Medical Products\" \/>\n<meta property=\"og:description\" content=\"[vc_row full_height=\u00a0\u00bbyes\u00a0\u00bb parallax=\u00a0\u00bbcontent-moving\u00a0\u00bb parallax_image=\u00a0\u00bb19&Prime; type=\u00a0\u00bbfull_width\u00a0\u00bb el_class=\u00a0\u00bbhome-section-1&Prime;][vc_column width=\u00a0\u00bb1\/3&Prime;][vc_single_image image=\u00a0\u00bb58&Prime; img_size=\u00a0\u00bbfull\u00a0\u00bb][\/vc_column][vc_column width=\u00a0\u00bb2\/3&Prime;][vc_column_text] Soins de sant\u00e9 naturels et cannabis m\u00e9dical [\/vc_column_text][\/vc_column][\/vc_row][vc_row parallax=\u00a0\u00bbcontent-moving\u00a0\u00bb parallax_image=\u00a0\u00bb25&Prime; type=\u00a0\u00bbfull_width\u00a0\u00bb el_class=\u00a0\u00bbhome-section-2&Prime; css=\u00a0\u00bb.vc_custom_1616382173661{background-image: url(http:\/\/greenleafmp.ca\/wp-content\/uploads\/2021\/03\/science-bg.png?id=25) !important;}\u00a0\u00bb][vc_column][vc_row_inner equal_height=\u00a0\u00bbyes\u00a0\u00bb type=\u00a0\u00bbin_grid\u00a0\u00bb][vc_column_inner width=\u00a0\u00bb1\/2&Prime;][vc_column_text] Se concentrer sur les besoins des patients Green Leaf Medical Products Ltd. a l\u2019intention de fabriquer, de purifier et de distribuer des produits de cannabis m\u00e9dicaux et [&hellip;]\" \/>\n<meta property=\"og:url\" content=\"https:\/\/greenleafmp.ca\/\" \/>\n<meta property=\"og:site_name\" content=\"Green Leaf Medical Products\" \/>\n<meta property=\"article:modified_time\" content=\"2021-03-25T19:58:26+00:00\" \/>\n<meta name=\"twitter:card\" content=\"summary_large_image\" \/>\n<meta name=\"twitter:label1\" content=\"Dur\u00e9e de lecture estim\u00e9e\" \/>\n\t<meta name=\"twitter:data1\" content=\"2 minutes\" \/>\n<script type=\"application\/ld+json\" class=\"yoast-schema-graph\">{\"@context\":\"https:\/\/schema.org\",\"@graph\":[{\"@type\":\"WebPage\",\"@id\":\"https:\/\/greenleafmp.ca\/\",\"url\":\"https:\/\/greenleafmp.ca\/\",\"name\":\"Green Leaf Medical Products\",\"isPartOf\":{\"@id\":\"https:\/\/greenleafmp.ca\/#website\"},\"datePublished\":\"2021-03-24T00:52:28+00:00\",\"dateModified\":\"2021-03-25T19:58:26+00:00\",\"breadcrumb\":{\"@id\":\"https:\/\/greenleafmp.ca\/#breadcrumb\"},\"inLanguage\":\"fr-FR\",\"potentialAction\":[{\"@type\":\"ReadAction\",\"target\":[\"https:\/\/greenleafmp.ca\/\"]}]},{\"@type\":\"BreadcrumbList\",\"@id\":\"https:\/\/greenleafmp.ca\/#breadcrumb\",\"itemListElement\":[{\"@type\":\"ListItem\",\"position\":1,\"name\":\"Home\",\"item\":\"https:\/\/greenleafmp.ca\/\"},{\"@type\":\"ListItem\",\"position\":2,\"name\":\"Accueil\"}]},{\"@type\":\"WebSite\",\"@id\":\"https:\/\/greenleafmp.ca\/#website\",\"url\":\"https:\/\/greenleafmp.ca\/\",\"name\":\"Green Leaf Medical Products\",\"description\":\"\",\"potentialAction\":[{\"@type\":\"SearchAction\",\"target\":{\"@type\":\"EntryPoint\",\"urlTemplate\":\"https:\/\/greenleafmp.ca\/?s={search_term_string}\"},\"query-input\":{\"@type\":\"PropertyValueSpecification\",\"valueRequired\":true,\"valueName\":\"search_term_string\"}}],\"inLanguage\":\"fr-FR\"}]}<\/script>\n<!-- \/ Yoast SEO plugin. -->","yoast_head_json":{"title":"Green Leaf Medical Products","robots":{"index":"index","follow":"follow","max-snippet":"max-snippet:-1","max-image-preview":"max-image-preview:large","max-video-preview":"max-video-preview:-1"},"canonical":"https:\/\/greenleafmp.ca\/","og_locale":"fr_FR","og_type":"article","og_title":"Green Leaf Medical Products","og_description":"[vc_row full_height=\u00a0\u00bbyes\u00a0\u00bb parallax=\u00a0\u00bbcontent-moving\u00a0\u00bb parallax_image=\u00a0\u00bb19&Prime; type=\u00a0\u00bbfull_width\u00a0\u00bb el_class=\u00a0\u00bbhome-section-1&Prime;][vc_column width=\u00a0\u00bb1\/3&Prime;][vc_single_image image=\u00a0\u00bb58&Prime; img_size=\u00a0\u00bbfull\u00a0\u00bb][\/vc_column][vc_column width=\u00a0\u00bb2\/3&Prime;][vc_column_text] Soins de sant\u00e9 naturels et cannabis m\u00e9dical [\/vc_column_text][\/vc_column][\/vc_row][vc_row parallax=\u00a0\u00bbcontent-moving\u00a0\u00bb parallax_image=\u00a0\u00bb25&Prime; type=\u00a0\u00bbfull_width\u00a0\u00bb el_class=\u00a0\u00bbhome-section-2&Prime; css=\u00a0\u00bb.vc_custom_1616382173661{background-image: url(http:\/\/greenleafmp.ca\/wp-content\/uploads\/2021\/03\/science-bg.png?id=25) !important;}\u00a0\u00bb][vc_column][vc_row_inner equal_height=\u00a0\u00bbyes\u00a0\u00bb type=\u00a0\u00bbin_grid\u00a0\u00bb][vc_column_inner width=\u00a0\u00bb1\/2&Prime;][vc_column_text] Se concentrer sur les besoins des patients Green Leaf Medical Products Ltd. a l\u2019intention de fabriquer, de purifier et de distribuer des produits de cannabis m\u00e9dicaux et [&hellip;]","og_url":"https:\/\/greenleafmp.ca\/","og_site_name":"Green Leaf Medical Products","article_modified_time":"2021-03-25T19:58:26+00:00","twitter_card":"summary_large_image","twitter_misc":{"Dur\u00e9e de lecture estim\u00e9e":"2 minutes"},"schema":{"@context":"https:\/\/schema.org","@graph":[{"@type":"WebPage","@id":"https:\/\/greenleafmp.ca\/","url":"https:\/\/greenleafmp.ca\/","name":"Green Leaf Medical Products","isPartOf":{"@id":"https:\/\/greenleafmp.ca\/#website"},"datePublished":"2021-03-24T00:52:28+00:00","dateModified":"2021-03-25T19:58:26+00:00","breadcrumb":{"@id":"https:\/\/greenleafmp.ca\/#breadcrumb"},"inLanguage":"fr-FR","potentialAction":[{"@type":"ReadAction","target":["https:\/\/greenleafmp.ca\/"]}]},{"@type":"BreadcrumbList","@id":"https:\/\/greenleafmp.ca\/#breadcrumb","itemListElement":[{"@type":"ListItem","position":1,"name":"Home","item":"https:\/\/greenleafmp.ca\/"},{"@type":"ListItem","position":2,"name":"Accueil"}]},{"@type":"WebSite","@id":"https:\/\/greenleafmp.ca\/#website","url":"https:\/\/greenleafmp.ca\/","name":"Green Leaf Medical Products","description":"","potentialAction":[{"@type":"SearchAction","target":{"@type":"EntryPoint","urlTemplate":"https:\/\/greenleafmp.ca\/?s={search_term_string}"},"query-input":{"@type":"PropertyValueSpecification","valueRequired":true,"valueName":"search_term_string"}}],"inLanguage":"fr-FR"}]}},"_links":{"self":[{"href":"https:\/\/greenleafmp.ca\/fr\/wp-json\/wp\/v2\/pages\/76","targetHints":{"allow":["GET"]}}],"collection":[{"href":"https:\/\/greenleafmp.ca\/fr\/wp-json\/wp\/v2\/pages"}],"about":[{"href":"https:\/\/greenleafmp.ca\/fr\/wp-json\/wp\/v2\/types\/page"}],"author":[{"embeddable":true,"href":"https:\/\/greenleafmp.ca\/fr\/wp-json\/wp\/v2\/users\/1"}],"replies":[{"embeddable":true,"href":"https:\/\/greenleafmp.ca\/fr\/wp-json\/wp\/v2\/comments?post=76"}],"version-history":[{"count":12,"href":"https:\/\/greenleafmp.ca\/fr\/wp-json\/wp\/v2\/pages\/76\/revisions"}],"predecessor-version":[{"id":133,"href":"https:\/\/greenleafmp.ca\/fr\/wp-json\/wp\/v2\/pages\/76\/revisions\/133"}],"wp:attachment":[{"href":"https:\/\/greenleafmp.ca\/fr\/wp-json\/wp\/v2\/media?parent=76"}],"curies":[{"name":"wp","href":"https:\/\/api.w.org\/{rel}","templated":true}]}}